{"id":85,"date":"2019-04-19T09:40:19","date_gmt":"2019-04-19T09:40:19","guid":{"rendered":"https:\/\/valor-restate.com\/?page_id=85"},"modified":"2025-04-02T10:00:03","modified_gmt":"2025-04-02T08:00:03","slug":"kontakt","status":"publish","type":"page","link":"https:\/\/valor-restate.com\/uk\/%d0%ba%d0%be%d0%bd%d1%82%d0%b0%d0%ba%d1%82","title":{"rendered":"\u043a\u043e\u043d\u0442\u0430\u043a\u0442"},"content":{"rendered":"<div data-elementor-type=\"wp-post\" data-elementor-id=\"85\" class=\"elementor elementor-85\">\n\t\t\t\t\t\t<section class=\"elementor-section elementor-top-section elementor-element elementor-element-1485109 elementor-section-boxed elementor-section-height-default elementor-section-height-default sc_fly_static\" data-id=\"1485109\" data-element_type=\"section\">\n\t\t\t\t\t\t<div class=\"elementor-container elementor-column-gap-extended\">\n\t\t\t\t\t<div class=\"elementor-column elementor-col-100 elementor-top-column elementor-element elementor-element-9a40203 sc_content_align_inherit sc_layouts_column_icons_position_left sc_fly_static\" data-id=\"9a40203\" data-element_type=\"column\">\n\t\t\t<div class=\"elementor-widget-wrap elementor-element-populated\">\n\t\t\t\t\t\t<div class=\"elementor-element elementor-element-3c00b25 sc_fly_static elementor-widget elementor-widget-spacer\" data-id=\"3c00b25\" data-element_type=\"widget\" data-widget_type=\"spacer.default\">\n\t\t\t\t<div class=\"elementor-widget-container\">\n\t\t\t\t\t\t\t<div class=\"elementor-spacer\">\n\t\t\t<div class=\"elementor-spacer-inner\"><\/div>\n\t\t<\/div>\n\t\t\t\t\t\t<\/div>\n\t\t\t\t<\/div>\n\t\t\t\t<div class=\"elementor-element elementor-element-471b487 sc_fly_static elementor-widget elementor-widget-trx_sc_icons\" data-id=\"471b487\" data-element_type=\"widget\" data-widget_type=\"trx_sc_icons.default\">\n\t\t\t\t<div class=\"elementor-widget-container\">\n\t\t\t\t\t<div \n\tclass=\"sc_icons sc_icons_default sc_icons_size_medium sc_align_center\"><div class=\"sc_icons_columns_wrap sc_item_columns trx_addons_columns_wrap columns_padding_bottom columns_in_single_row\"><div class=\"trx_addons_column-1_4\"><div class=\"sc_icons_item\"><div class=\"sc_icons_icon sc_icon_type_ icon-placeholder\" style=\"color: #000000\"><span class=\"sc_icon_type_ icon-placeholder\" style=\"color: #000000\"><\/span><\/div><div class=\"sc_icons_item_details\"><h4 class=\"sc_icons_item_title\"><span>\u0410\u0434\u0440\u0435\u0441\u0430<\/span><\/h4><div class=\"sc_icons_item_description\"><span><a href=\"https:\/\/maps.app.goo.gl\/Hf2BDs6hWmzcquPg8\" target=\"_blank\">\u041a\u0430\u0448\u0442\u0435\u043b\u044c-\u041d\u043e\u0432\u0456, \u0432\u0443\u043b. \u0426\u0435\u0441\u0442\u0430 \u0424\u0440\u0430\u043d\u044c\u0454 \u0422\u0443\u0434\u0436\u043c\u0430\u043d\u0430 1064b<\/a><\/span><\/div><\/div><\/div><\/div><div class=\"trx_addons_column-1_4\"><div class=\"sc_icons_item\"><div class=\"sc_icons_icon sc_icon_type_ icon-message\" style=\"color: #000000\"><span class=\"sc_icon_type_ icon-message\" style=\"color: #000000\"><\/span><\/div><div class=\"sc_icons_item_details\"><h4 class=\"sc_icons_item_title\"><span>\u0415\u043b\u0435\u043a\u0442\u0440\u043e\u043d\u043d\u0430 \u043f\u043e\u0448\u0442\u0430<\/span><\/h4><div class=\"sc_icons_item_description\"><span><a href=\"mailto:contact@valor-restate.com\">contact@valor-restate.com<\/a><\/span><span><\/span><span><\/span><\/div><\/div><\/div><\/div><div class=\"trx_addons_column-1_4\"><div class=\"sc_icons_item\"><div class=\"sc_icons_icon sc_icon_type_ icon-smartphone\" style=\"color: #000000\"><span class=\"sc_icon_type_ icon-smartphone\" style=\"color: #000000\"><\/span><\/div><div class=\"sc_icons_item_details\"><h4 class=\"sc_icons_item_title\"><span>\u0422\u0435\u043b\u0435\u0444\u043e\u043d<\/span><\/h4><div class=\"sc_icons_item_description\"><span><a href=\"\/uk\/\u0442\u0435\u043b.: +48 501 969 816\">+48 501 969 816<\/a> <\/span><span><\/span><\/div><\/div><\/div><\/div><div class=\"trx_addons_column-1_4\"><div class=\"sc_icons_item\"><div class=\"sc_icons_icon sc_icon_type_ icon-wall-clock\" style=\"color: #000000\"><span class=\"sc_icon_type_ icon-wall-clock\" style=\"color: #000000\"><\/span><\/div><div class=\"sc_icons_item_details\"><h4 class=\"sc_icons_item_title\"><span>\u0413\u043e\u0434\u0438\u043d\u0438 \u0440\u043e\u0431\u043e\u0442\u0438<\/span><\/h4><div class=\"sc_icons_item_description\"><span>\u041f\u043e\u043d\u0435\u0434\u0456\u043b\u043e\u043a - \u043f&#039;\u044f\u0442\u043d\u0438\u0446\u044f<\/span><span> 8:00 - 16:00<\/span><span><\/span><\/div><\/div><\/div><\/div><\/div><\/div>\t\t\t\t<\/div>\n\t\t\t\t<\/div>\n\t\t\t\t<div class=\"elementor-element elementor-element-bb6a6e8 sc_fly_static elementor-widget elementor-widget-spacer\" data-id=\"bb6a6e8\" data-element_type=\"widget\" data-widget_type=\"spacer.default\">\n\t\t\t\t<div class=\"elementor-widget-container\">\n\t\t\t\t\t\t\t<div class=\"elementor-spacer\">\n\t\t\t<div class=\"elementor-spacer-inner\"><\/div>\n\t\t<\/div>\n\t\t\t\t\t\t<\/div>\n\t\t\t\t<\/div>\n\t\t\t\t\t<\/div>\n\t\t<\/div>\n\t\t\t\t\t<\/div>\n\t\t<\/section>\n\t\t\t\t<section class=\"elementor-section elementor-top-section elementor-element elementor-element-cd26e7d elementor-section-full_width elementor-section-content-middle scheme_dark elementor-section-height-default elementor-section-height-default sc_fly_static\" data-id=\"cd26e7d\" data-element_type=\"section\">\n\t\t\t\t\t\t<div class=\"elementor-container elementor-column-gap-extended\">\n\t\t\t\t\t<div class=\"elementor-column elementor-col-50 elementor-top-column elementor-element elementor-element-70811e2 sc_content_align_inherit sc_layouts_column_icons_position_left sc_fly_static\" data-id=\"70811e2\" data-element_type=\"column\" data-settings=\"{&quot;background_background&quot;:&quot;classic&quot;}\">\n\t\t\t<div class=\"elementor-widget-wrap elementor-element-populated\">\n\t\t\t\t\t\t<section class=\"elementor-section elementor-inner-section elementor-element elementor-element-25d2873 elementor-section-boxed elementor-section-height-default elementor-section-height-default sc_fly_static\" data-id=\"25d2873\" data-element_type=\"section\">\n\t\t\t\t\t\t<div class=\"elementor-container elementor-column-gap-extended\">\n\t\t\t\t\t<div class=\"elementor-column elementor-col-33 elementor-inner-column elementor-element elementor-element-9720618 sc_layouts_hide_on_tablet sc_layouts_hide_on_mobile sc_content_align_inherit sc_layouts_column_icons_position_left sc_fly_static\" data-id=\"9720618\" data-element_type=\"column\">\n\t\t\t<div class=\"elementor-widget-wrap\">\n\t\t\t\t\t\t\t<\/div>\n\t\t<\/div>\n\t\t\t\t<div class=\"elementor-column elementor-col-33 elementor-inner-column elementor-element elementor-element-530e7bc sc_content_align_inherit sc_layouts_column_icons_position_left sc_fly_static\" data-id=\"530e7bc\" data-element_type=\"column\">\n\t\t\t<div class=\"elementor-widget-wrap elementor-element-populated\">\n\t\t\t\t\t\t<div class=\"elementor-element elementor-element-c8c6701 sc_fly_static elementor-widget elementor-widget-trx_sc_title\" data-id=\"c8c6701\" data-element_type=\"widget\" data-widget_type=\"trx_sc_title.default\">\n\t\t\t\t<div class=\"elementor-widget-container\">\n\t\t\t\t\t<div\t\tclass=\"sc_title sc_title_default\"><h2 class=\"sc_item_title sc_title_title sc_item_title_style_default trx_addons_inline_206786659\"\n\t\t\t><span class=\"sc_item_title_text\">\u0417\u0432&#039;\u044f\u0436\u0456\u0442\u044c\u0441\u044f \u0437 \u043d\u0430\u043c\u0438<\/span><\/h2><div class=\"sc_item_descr sc_title_descr sc_item_descr_with_custom_color trx_addons_inline_604827197\"><p>\u0417\u0430\u043e\u0445\u043e\u0447\u0443\u0454\u043c\u043e \u0432\u0430\u0441 \u0441\u043a\u043e\u0440\u0438\u0441\u0442\u0430\u0442\u0438\u0441\u044f \u043d\u0430\u0448\u043e\u044e \u0434\u043e\u043f\u043e\u043c\u043e\u0433\u043e\u044e. \u041c\u0438 \u0437\u0430\u0431\u0435\u0437\u043f\u0435\u0447\u0438\u043c\u043e \u0432\u0430\u043c \u0432\u0456\u0434\u0447\u0443\u0442\u0442\u044f \u0431\u0435\u0437\u043f\u0435\u043a\u0438, \u0447\u0430\u0441 \u0456 \u0441\u043f\u043e\u043a\u0456\u0439, \u0430 \u0442\u0430\u043a\u043e\u0436 \u0440\u0430\u0434\u0456\u0441\u0442\u044c \u0432\u0456\u0434 \u043d\u0430\u0439\u043f\u0440\u0438\u0454\u043c\u043d\u0456\u0448\u043e\u0457 \u0447\u0430\u0441\u0442\u0438\u043d\u0438 \u0456\u043d\u0432\u0435\u0441\u0442\u0438\u0446\u0456\u0439 \u2013 \u043f\u043b\u0430\u043d\u0443\u0432\u0430\u043d\u043d\u044f \u043f\u0435\u0440\u0435\u0457\u0437\u0434\u0443, \u0432\u0456\u0434\u043f\u0443\u0441\u0442\u043a\u0438 \u0447\u0438 \u0431\u0456\u0437\u043d\u0435\u0441\u0443. \u0417\u0430\u043f\u0440\u043e\u0448\u0443\u0454\u043c\u043e \u0432\u0430\u0441!<\/p>\n<\/div><\/div>\t\t\t\t<\/div>\n\t\t\t\t<\/div>\n\t\t\t\t<div class=\"elementor-element elementor-element-2001877 scheme_blue sc_fly_static elementor-widget elementor-widget-trx_sc_contact_form_7\" data-id=\"2001877\" data-element_type=\"widget\" data-widget_type=\"trx_sc_contact_form_7.default\">\n\t\t\t\t<div class=\"elementor-widget-container\">\n\t\t\t\t\t\n<div class=\"wpcf7 no-js\" id=\"wpcf7-f4547-o1\" lang=\"pl-PL\" dir=\"ltr\" data-wpcf7-id=\"4547\">\n<div class=\"screen-reader-response\"><p role=\"status\" aria-live=\"polite\" aria-atomic=\"true\"><\/p> <ul><\/ul><\/div>\n<form action=\"\/uk\/wp-json\/wp\/v2\/pages\/85#wpcf7-f4547-o1\" method=\"post\" class=\"wpcf7-form init\" aria-label=\"\u041a\u043e\u043d\u0442\u0430\u043a\u0442\u043d\u0430 \u0444\u043e\u0440\u043c\u0430\" novalidate=\"novalidate\" data-status=\"init\" data-trp-original-action=\"\/uk\/wp-json\/wp\/v2\/pages\/85#wpcf7-f4547-o1\">\n<div style=\"display: none;\">\n<input type=\"hidden\" name=\"_wpcf7\" value=\"4547\" \/>\n<input type=\"hidden\" name=\"_wpcf7_version\" value=\"6.0.5\" \/>\n<input type=\"hidden\" name=\"_wpcf7_locale\" value=\"pl_PL\" \/>\n<input type=\"hidden\" name=\"_wpcf7_unit_tag\" value=\"wpcf7-f4547-o1\" \/>\n<input type=\"hidden\" name=\"_wpcf7_container_post\" value=\"0\" \/>\n<input type=\"hidden\" name=\"_wpcf7_posted_data_hash\" value=\"\" \/>\n<input type=\"hidden\" name=\"_wpcf7dtx_version\" value=\"5.0.3\" \/>\n<input type=\"hidden\" name=\"_wpcf7_recaptcha_response\" value=\"\" \/>\n<\/div>\n<div class=\"form-style-market\">\n\t<div class=\"columns_wrap\">\n\t\t<div class=\"column-1_1\">\n\t\t\t<p><span class=\"wpcf7-form-control-wrap\" data-name=\"your-name\"><input size=\"40\" maxlength=\"400\" class=\"wpcf7-form-control wpcf7-text wpcf7-validates-as-required\" aria-required=\"true\" aria-invalid=\"false\" placeholder=\"\u0406\u043c&#039;\u044f \u0442\u0430 \u043f\u0440\u0456\u0437\u0432\u0438\u0449\u0435*\" value=\"\" type=\"text\" name=\"your-name\" \/><\/span>\n\t\t\t<\/p>\n\t\t<\/div>\n\t<\/div>\n\t<div class=\"columns_wrap\">\n\t\t<div class=\"column-1_2\">\n\t\t\t<p><span class=\"wpcf7-form-control-wrap\" data-name=\"your-phone\"><input size=\"40\" maxlength=\"400\" class=\"wpcf7-form-control wpcf7-tel wpcf7-validates-as-required wpcf7-text wpcf7-validates-as-tel\" aria-required=\"true\" aria-invalid=\"false\" placeholder=\"\u0422\u0435\u043b\u0435\u0444\u043e\u043d*\" value=\"\" type=\"tel\" name=\"your-phone\" \/><\/span>\n\t\t\t<\/p>\n\t\t<\/div>\n\t\t<div class=\"column-1_2\">\n\t\t\t<p><span class=\"wpcf7-form-control-wrap\" data-name=\"your-email\"><input size=\"40\" maxlength=\"400\" class=\"wpcf7-form-control wpcf7-email wpcf7-validates-as-required wpcf7-text wpcf7-validates-as-email\" aria-required=\"true\" aria-invalid=\"false\" placeholder=\"\u0415\u043b\u0435\u043a\u0442\u0440\u043e\u043d\u043d\u0430 \u043f\u043e\u0448\u0442\u0430*\" value=\"\" type=\"email\" name=\"your-email\" \/><\/span>\n\t\t\t<\/p>\n\t\t<\/div>\n\t<\/div>\n\t<div class=\"columns_wrap\">\n\t\t<div class=\"column-1_1\">\n\t\t\t<p><span class=\"wpcf7-form-control-wrap\" data-name=\"your-message\"><textarea cols=\"40\" rows=\"10\" maxlength=\"2000\" class=\"wpcf7-form-control wpcf7-textarea wpcf7-validates-as-required\" aria-required=\"true\" aria-invalid=\"false\" placeholder=\"\u043f\u043e\u0432\u0456\u0434\u043e\u043c\u043b\u0435\u043d\u043d\u044f*\" name=\"your-message\"><\/textarea><\/span>\n\t\t\t<\/p>\n\t\t<\/div>\n\t<\/div>\n\t<div class=\"text\">\n\t\t<p><span class=\"wpcf7-form-control-wrap\" data-name=\"acceptance-486\"><span class=\"wpcf7-form-control wpcf7-acceptance\"><span class=\"wpcf7-list-item\"><label><input type=\"checkbox\" name=\"acceptance-486\" value=\"1\" aria-invalid=\"false\" \/><span class=\"wpcf7-list-item-label\">\u0414\u0430\u044e \u0437\u0433\u043e\u0434\u0443 \u043d\u0430 \u043e\u0431\u0440\u043e\u0431\u043a\u0443 \u043c\u043e\u0457\u0445 \u043f\u0435\u0440\u0441\u043e\u043d\u0430\u043b\u044c\u043d\u0438\u0445 \u0434\u0430\u043d\u0438\u0445 \u0437\u0433\u0456\u0434\u043d\u043e \u0437\n    <a class=\"policy-link\" href=\"\/uk\/%d0%bf%d0%be%d0%bb%d1%96%d1%82%d0%b8%d0%ba%d0%b0-%d0%ba%d0%be%d0%bd%d1%84%d1%96%d0%b4%d0%b5%d0%bd%d1%86%d1%96%d0%b9%d0%bd%d0%be%d1%81%d1%82%d1%96\" target=\"_blank\">\u043f\u043e\u043b\u0456\u0442\u0438\u043a\u0430 \u043a\u043e\u043d\u0444\u0456\u0434\u0435\u043d\u0446\u0456\u0439\u043d\u043e\u0441\u0442\u0456.<\/a><\/span><\/label><\/span><\/span><\/span>\n\t\t<\/p>\n\t<\/div>\n\t<div class=\"text wpcf7-send-block\">\n\t\t<p><input class=\"wpcf7-form-control wpcf7-submit has-spinner sc_button_bordered sc_button color_style_dark sc_button_hover_style_dark\" type=\"submit\" value=\"\u041d\u0430\u0434\u0456\u0441\u043b\u0430\u0442\u0438\" \/>\n\t\t<\/p>\n\t<\/div>\n<\/div>\n<span class=\"wpcf7-form-control-wrap post-title\" data-name=\"post-title\"><input type=\"hidden\" name=\"post-title\" class=\"wpcf7-form-control wpcf7-hidden wpcf7dtx wpcf7dtx-hidden\" aria-invalid=\"false\"><\/span>\n<span class=\"wpcf7-form-control-wrap post-url\" data-name=\"post-url\"><input type=\"hidden\" name=\"post-url\" class=\"wpcf7-form-control wpcf7-hidden wpcf7dtx wpcf7dtx-hidden\" aria-invalid=\"false\" value=\"https:\/\/valor-restate.com\/uk\/uk\/wp-json\/wp\/v2\/pages\/85\"><\/span><div class=\"wpcf7-response-output\" aria-hidden=\"true\"><\/div>\n<input type=\"hidden\" name=\"trp-form-language\" value=\"uk\"\/><\/form>\n<\/div>\n\t\t\t\t<\/div>\n\t\t\t\t<\/div>\n\t\t\t\t\t<\/div>\n\t\t<\/div>\n\t\t\t\t<div class=\"elementor-column elementor-col-33 elementor-inner-column elementor-element elementor-element-3e7d3ba sc_layouts_hide_on_tablet sc_layouts_hide_on_mobile sc_content_align_inherit sc_layouts_column_icons_position_left sc_fly_static\" data-id=\"3e7d3ba\" data-element_type=\"column\">\n\t\t\t<div class=\"elementor-widget-wrap\">\n\t\t\t\t\t\t\t<\/div>\n\t\t<\/div>\n\t\t\t\t\t<\/div>\n\t\t<\/section>\n\t\t\t\t\t<\/div>\n\t\t<\/div>\n\t\t\t\t<div class=\"elementor-column elementor-col-50 elementor-top-column elementor-element elementor-element-dc9d178 sc_content_align_inherit sc_layouts_column_icons_position_left sc_fly_static\" data-id=\"dc9d178\" data-element_type=\"column\" data-settings=\"{&quot;background_background&quot;:&quot;classic&quot;}\">\n\t\t\t<div class=\"elementor-widget-wrap elementor-element-populated\">\n\t\t\t\t\t\t<div class=\"elementor-element elementor-element-5d187f8 sc_fly_static elementor-widget elementor-widget-spacer\" data-id=\"5d187f8\" data-element_type=\"widget\" data-widget_type=\"spacer.default\">\n\t\t\t\t<div class=\"elementor-widget-container\">\n\t\t\t\t\t\t\t<div class=\"elementor-spacer\">\n\t\t\t<div class=\"elementor-spacer-inner\"><\/div>\n\t\t<\/div>\n\t\t\t\t\t\t<\/div>\n\t\t\t\t<\/div>\n\t\t\t\t<div class=\"elementor-element elementor-element-b990f8b sc_fly_static elementor-widget elementor-widget-spacer\" data-id=\"b990f8b\" data-element_type=\"widget\" data-widget_type=\"spacer.default\">\n\t\t\t\t<div class=\"elementor-widget-container\">\n\t\t\t\t\t\t\t<div class=\"elementor-spacer\">\n\t\t\t<div class=\"elementor-spacer-inner\"><\/div>\n\t\t<\/div>\n\t\t\t\t\t\t<\/div>\n\t\t\t\t<\/div>\n\t\t\t\t\t<\/div>\n\t\t<\/div>\n\t\t\t\t\t<\/div>\n\t\t<\/section>\n\t\t\t\t<\/div>","protected":false},"excerpt":{"rendered":"<p>\u0410\u0434\u0440\u0435\u0441\u0430 Ka\u0161tel Novi, Cesta dr. \u0424\u0440\u0430\u043d&#039;\u0454 \u0422\u0443\u0434\u0436\u043c\u0430\u043d\u0430 1064b E \u2013\u2026<\/p>","protected":false},"author":1,"featured_media":4966,"parent":0,"menu_order":0,"comment_status":"closed","ping_status":"closed","template":"","meta":{"footnotes":""},"class_list":["post-85","page","type-page","status-publish","has-post-thumbnail","hentry"],"yoast_head":"<!-- This site is optimized with the Yoast SEO plugin v24.7 - https:\/\/yoast.com\/wordpress\/plugins\/seo\/ -->\n<title>Kontakt - Valor Real Estate<\/title>\n<meta name=\"description\" content=\"Skontaktuj si\u0119 z zespo\u0142em Valor Real Estate \u2013 ch\u0119tnie odpowiemy na Twoje pytania dotycz\u0105ce nieruchomo\u015bci w Chorwacji. Zapraszamy do kontaktu!\" \/>\n<meta name=\"robots\" content=\"index, follow, max-snippet:-1, max-image-preview:large, max-video-preview:-1\" \/>\n<link rel=\"canonical\" href=\"https:\/\/valor-restate.com\/uk\/\u043a\u043e\u043d\u0442\u0430\u043a\u0442\" \/>\n<meta property=\"og:locale\" content=\"uk_UA\" \/>\n<meta property=\"og:type\" content=\"article\" \/>\n<meta property=\"og:title\" content=\"Kontakt - Valor Real Estate\" \/>\n<meta property=\"og:description\" content=\"Skontaktuj si\u0119 z zespo\u0142em Valor Real Estate \u2013 ch\u0119tnie odpowiemy na Twoje pytania dotycz\u0105ce nieruchomo\u015bci w Chorwacji. Zapraszamy do kontaktu!\" \/>\n<meta property=\"og:url\" content=\"https:\/\/valor-restate.com\/uk\/\u043a\u043e\u043d\u0442\u0430\u043a\u0442\" \/>\n<meta property=\"og:site_name\" content=\"Valor Real Estate\" \/>\n<meta property=\"article:modified_time\" content=\"2025-04-02T08:00:03+00:00\" \/>\n<meta property=\"og:image\" content=\"https:\/\/valor-restate.com\/wp-content\/uploads\/2025\/03\/image-30-5-1024x549.png\" \/>\n\t<meta property=\"og:image:width\" content=\"1024\" \/>\n\t<meta property=\"og:image:height\" content=\"549\" \/>\n\t<meta property=\"og:image:type\" content=\"image\/png\" \/>\n<meta name=\"twitter:card\" content=\"summary_large_image\" \/>\n<meta name=\"twitter:label1\" content=\"Est. reading time\" \/>\n\t<meta name=\"twitter:data1\" content=\"1 \u0445\u0432\u0438\u043b\u0438\u043d\u0430\" \/>\n<script type=\"application\/ld+json\" class=\"yoast-schema-graph\">{\"@context\":\"https:\/\/schema.org\",\"@graph\":[{\"@type\":\"WebPage\",\"@id\":\"https:\/\/valor-restate.com\/kontakt\",\"url\":\"https:\/\/valor-restate.com\/kontakt\",\"name\":\"Kontakt - Valor Real Estate\",\"isPartOf\":{\"@id\":\"https:\/\/valor-restate.com\/#website\"},\"primaryImageOfPage\":{\"@id\":\"https:\/\/valor-restate.com\/kontakt#primaryimage\"},\"image\":{\"@id\":\"https:\/\/valor-restate.com\/kontakt#primaryimage\"},\"thumbnailUrl\":\"https:\/\/valor-restate.com\/wp-content\/uploads\/2025\/03\/image-30-5.png\",\"datePublished\":\"2019-04-19T09:40:19+00:00\",\"dateModified\":\"2025-04-02T08:00:03+00:00\",\"description\":\"Skontaktuj si\u0119 z zespo\u0142em Valor Real Estate \u2013 ch\u0119tnie odpowiemy na Twoje pytania dotycz\u0105ce nieruchomo\u015bci w Chorwacji. Zapraszamy do kontaktu!\",\"breadcrumb\":{\"@id\":\"https:\/\/valor-restate.com\/kontakt#breadcrumb\"},\"inLanguage\":\"uk\",\"potentialAction\":[{\"@type\":\"ReadAction\",\"target\":[\"https:\/\/valor-restate.com\/kontakt\"]}]},{\"@type\":\"ImageObject\",\"inLanguage\":\"uk\",\"@id\":\"https:\/\/valor-restate.com\/kontakt#primaryimage\",\"url\":\"https:\/\/valor-restate.com\/wp-content\/uploads\/2025\/03\/image-30-5.png\",\"contentUrl\":\"https:\/\/valor-restate.com\/wp-content\/uploads\/2025\/03\/image-30-5.png\",\"width\":1920,\"height\":1029},{\"@type\":\"BreadcrumbList\",\"@id\":\"https:\/\/valor-restate.com\/kontakt#breadcrumb\",\"itemListElement\":[{\"@type\":\"ListItem\",\"position\":1,\"name\":\"Strona g\u0142\u00f3wna\",\"item\":\"https:\/\/valor-restate.com\/\"},{\"@type\":\"ListItem\",\"position\":2,\"name\":\"Kontakt\"}]},{\"@type\":\"WebSite\",\"@id\":\"https:\/\/valor-restate.com\/#website\",\"url\":\"https:\/\/valor-restate.com\/\",\"name\":\"Valor Real Estate\",\"description\":\"\",\"publisher\":{\"@id\":\"https:\/\/valor-restate.com\/#organization\"},\"potentialAction\":[{\"@type\":\"SearchAction\",\"target\":{\"@type\":\"EntryPoint\",\"urlTemplate\":\"https:\/\/valor-restate.com\/?s={search_term_string}\"},\"query-input\":{\"@type\":\"PropertyValueSpecification\",\"valueRequired\":true,\"valueName\":\"search_term_string\"}}],\"inLanguage\":\"uk\"},{\"@type\":\"Organization\",\"@id\":\"https:\/\/valor-restate.com\/#organization\",\"name\":\"Valor Real Estate\",\"url\":\"https:\/\/valor-restate.com\/\",\"logo\":{\"@type\":\"ImageObject\",\"inLanguage\":\"uk\",\"@id\":\"https:\/\/valor-restate.com\/#\/schema\/logo\/image\/\",\"url\":\"https:\/\/valor-restate.com\/wp-content\/uploads\/2025\/02\/Valor-logo-1.png\",\"contentUrl\":\"https:\/\/valor-restate.com\/wp-content\/uploads\/2025\/02\/Valor-logo-1.png\",\"width\":1499,\"height\":452,\"caption\":\"Valor Real Estate\"},\"image\":{\"@id\":\"https:\/\/valor-restate.com\/#\/schema\/logo\/image\/\"}}]}<\/script>\n<!-- \/ Yoast SEO plugin. -->","yoast_head_json":{"title":"Kontakt - Valor Real Estate","description":"Skontaktuj si\u0119 z zespo\u0142em Valor Real Estate \u2013 ch\u0119tnie odpowiemy na Twoje pytania dotycz\u0105ce nieruchomo\u015bci w Chorwacji. Zapraszamy do kontaktu!","robots":{"index":"index","follow":"follow","max-snippet":"max-snippet:-1","max-image-preview":"max-image-preview:large","max-video-preview":"max-video-preview:-1"},"canonical":"https:\/\/valor-restate.com\/uk\/\u043a\u043e\u043d\u0442\u0430\u043a\u0442","og_locale":"uk_UA","og_type":"article","og_title":"Kontakt - Valor Real Estate","og_description":"Skontaktuj si\u0119 z zespo\u0142em Valor Real Estate \u2013 ch\u0119tnie odpowiemy na Twoje pytania dotycz\u0105ce nieruchomo\u015bci w Chorwacji. Zapraszamy do kontaktu!","og_url":"https:\/\/valor-restate.com\/uk\/\u043a\u043e\u043d\u0442\u0430\u043a\u0442","og_site_name":"Valor Real Estate","article_modified_time":"2025-04-02T08:00:03+00:00","og_image":[{"width":1024,"height":549,"url":"https:\/\/valor-restate.com\/wp-content\/uploads\/2025\/03\/image-30-5-1024x549.png","type":"image\/png"}],"twitter_card":"summary_large_image","twitter_misc":{"Est. reading time":"1 \u0445\u0432\u0438\u043b\u0438\u043d\u0430"},"schema":{"@context":"https:\/\/schema.org","@graph":[{"@type":"WebPage","@id":"https:\/\/valor-restate.com\/kontakt","url":"https:\/\/valor-restate.com\/kontakt","name":"Kontakt - Valor Real Estate","isPartOf":{"@id":"https:\/\/valor-restate.com\/#website"},"primaryImageOfPage":{"@id":"https:\/\/valor-restate.com\/kontakt#primaryimage"},"image":{"@id":"https:\/\/valor-restate.com\/kontakt#primaryimage"},"thumbnailUrl":"https:\/\/valor-restate.com\/wp-content\/uploads\/2025\/03\/image-30-5.png","datePublished":"2019-04-19T09:40:19+00:00","dateModified":"2025-04-02T08:00:03+00:00","description":"Skontaktuj si\u0119 z zespo\u0142em Valor Real Estate \u2013 ch\u0119tnie odpowiemy na Twoje pytania dotycz\u0105ce nieruchomo\u015bci w Chorwacji. Zapraszamy do kontaktu!","breadcrumb":{"@id":"https:\/\/valor-restate.com\/kontakt#breadcrumb"},"inLanguage":"uk","potentialAction":[{"@type":"ReadAction","target":["https:\/\/valor-restate.com\/kontakt"]}]},{"@type":"ImageObject","inLanguage":"uk","@id":"https:\/\/valor-restate.com\/kontakt#primaryimage","url":"https:\/\/valor-restate.com\/wp-content\/uploads\/2025\/03\/image-30-5.png","contentUrl":"https:\/\/valor-restate.com\/wp-content\/uploads\/2025\/03\/image-30-5.png","width":1920,"height":1029},{"@type":"BreadcrumbList","@id":"https:\/\/valor-restate.com\/kontakt#breadcrumb","itemListElement":[{"@type":"ListItem","position":1,"name":"Strona g\u0142\u00f3wna","item":"https:\/\/valor-restate.com\/"},{"@type":"ListItem","position":2,"name":"Kontakt"}]},{"@type":"WebSite","@id":"https:\/\/valor-restate.com\/#website","url":"https:\/\/valor-restate.com\/","name":"Valor Real Estate","description":"","publisher":{"@id":"https:\/\/valor-restate.com\/#organization"},"potentialAction":[{"@type":"SearchAction","target":{"@type":"EntryPoint","urlTemplate":"https:\/\/valor-restate.com\/?s={search_term_string}"},"query-input":{"@type":"PropertyValueSpecification","valueRequired":true,"valueName":"search_term_string"}}],"inLanguage":"uk"},{"@type":"Organization","@id":"https:\/\/valor-restate.com\/#organization","name":"Valor Real Estate","url":"https:\/\/valor-restate.com\/","logo":{"@type":"ImageObject","inLanguage":"uk","@id":"https:\/\/valor-restate.com\/#\/schema\/logo\/image\/","url":"https:\/\/valor-restate.com\/wp-content\/uploads\/2025\/02\/Valor-logo-1.png","contentUrl":"https:\/\/valor-restate.com\/wp-content\/uploads\/2025\/02\/Valor-logo-1.png","width":1499,"height":452,"caption":"Valor Real Estate"},"image":{"@id":"https:\/\/valor-restate.com\/#\/schema\/logo\/image\/"}}]}},"_links":{"self":[{"href":"https:\/\/valor-restate.com\/uk\/wp-json\/wp\/v2\/pages\/85","targetHints":{"allow":["GET"]}}],"collection":[{"href":"https:\/\/valor-restate.com\/uk\/wp-json\/wp\/v2\/pages"}],"about":[{"href":"https:\/\/valor-restate.com\/uk\/wp-json\/wp\/v2\/types\/page"}],"author":[{"embeddable":true,"href":"https:\/\/valor-restate.com\/uk\/wp-json\/wp\/v2\/users\/1"}],"replies":[{"embeddable":true,"href":"https:\/\/valor-restate.com\/uk\/wp-json\/wp\/v2\/comments?post=85"}],"version-history":[{"count":87,"href":"https:\/\/valor-restate.com\/uk\/wp-json\/wp\/v2\/pages\/85\/revisions"}],"predecessor-version":[{"id":7278,"href":"https:\/\/valor-restate.com\/uk\/wp-json\/wp\/v2\/pages\/85\/revisions\/7278"}],"wp:featuredmedia":[{"embeddable":true,"href":"https:\/\/valor-restate.com\/uk\/wp-json\/wp\/v2\/media\/4966"}],"wp:attachment":[{"href":"https:\/\/valor-restate.com\/uk\/wp-json\/wp\/v2\/media?parent=85"}],"curies":[{"name":"wp","href":"https:\/\/api.w.org\/{rel}","templated":true}]}}